{"id":765,"date":"2019-08-25T13:44:34","date_gmt":"2019-08-25T11:44:34","guid":{"rendered":"https:\/\/rvl-coaching.fr\/?page_id=765"},"modified":"2019-08-25T13:51:32","modified_gmt":"2019-08-25T11:51:32","slug":"mes-valeurs","status":"publish","type":"page","link":"https:\/\/rvl-coaching.fr\/index.php\/mes-valeurs\/","title":{"rendered":"Mes valeurs de coach"},"content":{"rendered":"\t\t<div data-elementor-type=\"wp-post\" data-elementor-id=\"765\" class=\"elementor elementor-765\" data-elementor-settings=\"[]\">\n\t\t\t\t\t\t\t<div class=\"elementor-section-wrap\">\n\t\t\t\t\t\t\t<section class=\"elementor-element elementor-element-a26eb71 elementor-section-boxed elementor-section-height-default elementor-section-height-default elementor-section elementor-top-section\" data-id=\"a26eb71\" data-element_type=\"section\">\n\t\t\t\t\t\t<div class=\"elementor-container elementor-column-gap-default\">\n\t\t\t\t\t<div class=\"elementor-element elementor-element-6e8cf8b elementor-column elementor-col-100 elementor-top-column\" data-id=\"6e8cf8b\" data-element_type=\"column\">\n\t\t\t<div class=\"elementor-widget-wrap elementor-element-populated\">\n\t\t\t\t\t\t\t\t<div class=\"elementor-element elementor-element-5d36c5b elementor-widget elementor-widget-heading\" data-id=\"5d36c5b\" data-element_type=\"widget\" data-widget_type=\"heading.default\">\n\t\t\t\t<div class=\"elementor-widget-container\">\n\t\t\t<h2 class=\"elementor-heading-title elementor-size-default\">Le respect<\/h2>\t\t<\/div>\n\t\t\t\t<\/div>\n\t\t\t\t<div class=\"elementor-element elementor-element-7ff3e52 elementor-widget elementor-widget-text-editor\" data-id=\"7ff3e52\" data-element_type=\"widget\" data-widget_type=\"text-editor.default\">\n\t\t\t\t<div class=\"elementor-widget-container\">\n\t\t\t\t\t<div class=\"elementor-text-editor elementor-clearfix\"><p>Pour moi, le respect des personnes et des engagements, l&rsquo;ouverture d&rsquo;esprit sont la base d&rsquo;une relation bas\u00e9e sur la confiance.<\/p><\/div>\n\t\t\t\t<\/div>\n\t\t\t\t<\/div>\n\t\t\t\t<div class=\"elementor-element elementor-element-03dee6c elementor-widget elementor-widget-divider\" data-id=\"03dee6c\" data-element_type=\"widget\" data-widget_type=\"divider.default\">\n\t\t\t\t<div class=\"elementor-widget-container\">\n\t\t\t\t\t<div class=\"elementor-divider\">\n\t\t\t<span class=\"elementor-divider-separator\">\n\t\t\t\t\t\t<\/span>\n\t\t<\/div>\n\t\t\t\t<\/div>\n\t\t\t\t<\/div>\n\t\t\t\t<div class=\"elementor-element elementor-element-01b84f9 elementor-widget elementor-widget-heading\" data-id=\"01b84f9\" data-element_type=\"widget\" data-widget_type=\"heading.default\">\n\t\t\t\t<div class=\"elementor-widget-container\">\n\t\t\t<h2 class=\"elementor-heading-title elementor-size-default\">L'accueil<\/h2>\t\t<\/div>\n\t\t\t\t<\/div>\n\t\t\t\t<div class=\"elementor-element elementor-element-c85e391 elementor-widget elementor-widget-text-editor\" data-id=\"c85e391\" data-element_type=\"widget\" data-widget_type=\"text-editor.default\">\n\t\t\t\t<div class=\"elementor-widget-container\">\n\t\t\t\t\t<div class=\"elementor-text-editor elementor-clearfix\"><p>Je vous accueille comme vous \u00eates, avec vos doutes et vos \u00e9motions en toute bienveillance et sans jugement.<\/p><\/div>\n\t\t\t\t<\/div>\n\t\t\t\t<\/div>\n\t\t\t\t<div class=\"elementor-element elementor-element-97543be elementor-widget elementor-widget-divider\" data-id=\"97543be\" data-element_type=\"widget\" data-widget_type=\"divider.default\">\n\t\t\t\t<div class=\"elementor-widget-container\">\n\t\t\t\t\t<div class=\"elementor-divider\">\n\t\t\t<span class=\"elementor-divider-separator\">\n\t\t\t\t\t\t<\/span>\n\t\t<\/div>\n\t\t\t\t<\/div>\n\t\t\t\t<\/div>\n\t\t\t\t<div class=\"elementor-element elementor-element-64281c7 elementor-widget elementor-widget-heading\" data-id=\"64281c7\" data-element_type=\"widget\" data-widget_type=\"heading.default\">\n\t\t\t\t<div class=\"elementor-widget-container\">\n\t\t\t<h2 class=\"elementor-heading-title elementor-size-default\">La convivialit\u00e9<\/h2>\t\t<\/div>\n\t\t\t\t<\/div>\n\t\t\t\t<div class=\"elementor-element elementor-element-929cde9 elementor-widget elementor-widget-text-editor\" data-id=\"929cde9\" data-element_type=\"widget\" data-widget_type=\"text-editor.default\">\n\t\t\t\t<div class=\"elementor-widget-container\">\n\t\t\t\t\t<div class=\"elementor-text-editor elementor-clearfix\"><p>Pour moi, la convivialit\u00e9, la fantaisie et l&rsquo;humour, en favorisant la d\u00e9tente, sont bienvenus au cours de mes s\u00e9ances de coaching.<\/p><\/div>\n\t\t\t\t<\/div>\n\t\t\t\t<\/div>\n\t\t\t\t\t<\/div>\n\t\t<\/div>\n\t\t\t\t\t\t\t<\/div>\n\t\t<\/section>\n\t\t\t\t\t\t<\/div>\n\t\t\t\t\t<\/div>\n\t\t","protected":false},"excerpt":{"rendered":"<p>Le respect Pour moi, le respect des personnes et des engagements, l&rsquo;ouverture d&rsquo;esprit sont la base d&rsquo;une relation bas\u00e9e sur la confiance. L&rsquo;accueil Je vous accueille comme vous \u00eates, avec vos doutes et vos \u00e9motions en toute bienveillance et sans jugement. La convivialit\u00e9 Pour moi, la convivialit\u00e9, la fantaisie et l&rsquo;humour, en favorisant la d\u00e9tente, [&hellip;]<\/p>\n","protected":false},"author":2,"featured_media":0,"parent":0,"menu_order":0,"comment_status":"closed","ping_status":"closed","template":"","meta":[],"_links":{"self":[{"href":"https:\/\/rvl-coaching.fr\/index.php\/wp-json\/wp\/v2\/pages\/765"}],"collection":[{"href":"https:\/\/rvl-coaching.fr\/index.php\/wp-json\/wp\/v2\/pages"}],"about":[{"href":"https:\/\/rvl-coaching.fr\/index.php\/wp-json\/wp\/v2\/types\/page"}],"author":[{"embeddable":true,"href":"https:\/\/rvl-coaching.fr\/index.php\/wp-json\/wp\/v2\/users\/2"}],"replies":[{"embeddable":true,"href":"https:\/\/rvl-coaching.fr\/index.php\/wp-json\/wp\/v2\/comments?post=765"}],"version-history":[{"count":3,"href":"https:\/\/rvl-coaching.fr\/index.php\/wp-json\/wp\/v2\/pages\/765\/revisions"}],"predecessor-version":[{"id":768,"href":"https:\/\/rvl-coaching.fr\/index.php\/wp-json\/wp\/v2\/pages\/765\/revisions\/768"}],"wp:attachment":[{"href":"https:\/\/rvl-coaching.fr\/index.php\/wp-json\/wp\/v2\/media?parent=765"}],"curies":[{"name":"wp","href":"https:\/\/api.w.org\/{rel}","templated":true}]}}